{"id":27,"date":"2016-12-28T00:14:10","date_gmt":"2016-12-27T23:14:10","guid":{"rendered":"http:\/\/www.hejda.eu\/?page_id=27"},"modified":"2025-12-01T18:23:25","modified_gmt":"2025-12-01T17:23:25","slug":"kontakty","status":"publish","type":"page","link":"https:\/\/www.otrubapartner.cz\/index.php\/kontakty\/","title":{"rendered":"Kontakty"},"content":{"rendered":"<p><strong>OTRUBA &amp; PARTNER s.r.o.<img loading=\"lazy\" decoding=\"async\" class=\"alignright wp-image-48 size-full\" src=\"http:\/\/www.hejda.eu\/wp-content\/uploads\/2016\/12\/mapa.png\" width=\"499\" height=\"332\" srcset=\"https:\/\/www.otrubapartner.cz\/wp-content\/uploads\/2016\/12\/mapa.png 499w, https:\/\/www.otrubapartner.cz\/wp-content\/uploads\/2016\/12\/mapa-300x200.png 300w\" sizes=\"auto, (max-width: 499px) 100vw, 499px\" \/><br \/>\nRo\u017enovsk\u00e1 2351\/12<\/strong><br \/>\n<strong>370 07\u00a0 \u010cesk\u00e9 Bud\u011bjovice<br \/>\n<\/strong><\/p>\n<p><strong>Pavel Otruba<\/strong><br \/>\nMail: p.otruba@otrubapartner.cz<br \/>\nTel. 604 209 951<\/p>\n<p><strong>Ing. Milo\u0161 Znoj<\/strong><br \/>\nMail: m.znoj@otrubapartner.cz<br \/>\nTel. 777 554 481<\/p>\n<p><strong>I\u010cO: 28078853<\/strong><br \/>\n<strong> DI\u010c: CZ28078853<\/strong><\/p>\n<p><strong>Datov\u00e1 schr\u00e1nka<br \/>\n<\/strong>w5zrwh8<\/p>\n<p><strong>Bankovn\u00ed \u00fa\u010det<\/strong><br \/>\n219429266\/0300 (\u010cSOB)<\/p>\n<p><strong>Z\u00e1pis v rejst\u0159\u00edku<\/strong><br \/>\nKrajsk\u00fd soud v \u010c. Bud\u011bjovic\u00edch, odd\u00edl C, vlo\u017eka 15975<\/p>\n<p>Otev\u0159eno Po &#8211; P\u00e1 8 &#8211; 16 hod.<\/p>\n","protected":false},"excerpt":{"rendered":"<p>OTRUBA &amp; PARTNER s.r.o. Ro\u017enovsk\u00e1 2351\/12 370 07\u00a0 \u010cesk\u00e9 Bud\u011bjovice Pavel Otruba Mail: p.otruba@otrubapartner.cz Tel. 604 209 951 Ing. Milo\u0161 Znoj Mail: m.znoj@otrubapartner.cz Tel. 777 554 481 I\u010cO: 28078853 DI\u010c: CZ28078853 Datov\u00e1 schr\u00e1nka w5zrwh8 Bankovn\u00ed \u00fa\u010det 219429266\/0300 (\u010cSOB) Z\u00e1pis v rejst\u0159\u00edku Krajsk\u00fd soud v \u010c. Bud\u011bjovic\u00edch, odd\u00edl C, vlo\u017eka 15975 Otev\u0159eno Po &#8211; P\u00e1 8 [&hellip;]<\/p>\n","protected":false},"author":1,"featured_media":0,"parent":0,"menu_order":8,"comment_status":"closed","ping_status":"closed","template":"template-full-width.php","meta":{"footnotes":""},"class_list":["post-27","page","type-page","status-publish","hentry"],"_links":{"self":[{"href":"https:\/\/www.otrubapartner.cz\/index.php\/wp-json\/wp\/v2\/pages\/27","targetHints":{"allow":["GET"]}}],"collection":[{"href":"https:\/\/www.otrubapartner.cz\/index.php\/wp-json\/wp\/v2\/pages"}],"about":[{"href":"https:\/\/www.otrubapartner.cz\/index.php\/wp-json\/wp\/v2\/types\/page"}],"author":[{"embeddable":true,"href":"https:\/\/www.otrubapartner.cz\/index.php\/wp-json\/wp\/v2\/users\/1"}],"replies":[{"embeddable":true,"href":"https:\/\/www.otrubapartner.cz\/index.php\/wp-json\/wp\/v2\/comments?post=27"}],"version-history":[{"count":6,"href":"https:\/\/www.otrubapartner.cz\/index.php\/wp-json\/wp\/v2\/pages\/27\/revisions"}],"predecessor-version":[{"id":455,"href":"https:\/\/www.otrubapartner.cz\/index.php\/wp-json\/wp\/v2\/pages\/27\/revisions\/455"}],"wp:attachment":[{"href":"https:\/\/www.otrubapartner.cz\/index.php\/wp-json\/wp\/v2\/media?parent=27"}],"curies":[{"name":"wp","href":"https:\/\/api.w.org\/{rel}","templated":true}]}}