{"id":25,"date":"2016-12-28T00:13:50","date_gmt":"2016-12-27T23:13:50","guid":{"rendered":"http:\/\/www.hejda.eu\/?page_id=25"},"modified":"2017-04-30T18:56:28","modified_gmt":"2017-04-30T17:56:28","slug":"fotogalerie","status":"publish","type":"page","link":"https:\/\/www.otrubapartner.cz\/index.php\/fotogalerie\/","title":{"rendered":"Fotogalerie"},"content":{"rendered":"<p style=\"text-align: center;\"><div id=\"metaslider-id-385\" style=\"max-width: 1000px; margin: 0 auto;\" class=\"ml-slider-3-108-0 metaslider metaslider-responsive metaslider-385 ml-slider ms-theme-default\" role=\"region\" aria-label=\"Fotogalerie\" data-height=\"600\" data-width=\"1000\">\n    <div id=\"metaslider_container_385\">\n        <ul id='metaslider_385' class='rslides'>\n            <li aria-roledescription='slide' aria-labelledby='slide-0'><img loading=\"lazy\" decoding=\"async\" src=\"https:\/\/www.otrubapartner.cz\/wp-content\/uploads\/2017\/04\/28rijna.jpg\" height=\"600\" width=\"1000\" alt=\"\" class=\"slider-385 slide-386 msDefaultImage\" \/><div class=\"caption-wrap\"><div class=\"caption\">Bytov\u00fd d\u016fm v ul. 28. \u0159\u00edjna, \u010cesk\u00e9 Bud\u011bjovice<\/div><\/div><\/li>\n            <li style='display: none;' aria-roledescription='slide' aria-labelledby='slide-1'><img loading=\"lazy\" decoding=\"async\" src=\"https:\/\/www.otrubapartner.cz\/wp-content\/uploads\/2017\/04\/20150327_144113.jpg\" height=\"600\" width=\"1000\" alt=\"\" class=\"slider-385 slide-387 msDefaultImage\" \/><\/li>\n            <li style='display: none;' aria-roledescription='slide' aria-labelledby='slide-2'><img loading=\"lazy\" decoding=\"async\" src=\"https:\/\/www.otrubapartner.cz\/wp-content\/uploads\/2017\/04\/20160713_082208.jpg\" height=\"600\" width=\"1000\" alt=\"\" class=\"slider-385 slide-388 msDefaultImage\" \/><\/li>\n            <li style='display: none;' aria-roledescription='slide' aria-labelledby='slide-3'><img loading=\"lazy\" decoding=\"async\" src=\"https:\/\/www.otrubapartner.cz\/wp-content\/uploads\/2017\/04\/20160718_091254.jpg\" height=\"600\" width=\"1000\" alt=\"\" class=\"slider-385 slide-389 msDefaultImage\" \/><\/li>\n            <li style='display: none;' aria-roledescription='slide' aria-labelledby='slide-4'><img loading=\"lazy\" decoding=\"async\" src=\"https:\/\/www.otrubapartner.cz\/wp-content\/uploads\/2017\/04\/20161017_163937.jpg\" height=\"600\" width=\"1000\" alt=\"\" class=\"slider-385 slide-390 msDefaultImage\" \/><\/li>\n            <li style='display: none;' aria-roledescription='slide' aria-labelledby='slide-5'><img loading=\"lazy\" decoding=\"async\" src=\"https:\/\/www.otrubapartner.cz\/wp-content\/uploads\/2017\/04\/20161017_164046.jpg\" height=\"600\" width=\"1000\" alt=\"\" class=\"slider-385 slide-391 msDefaultImage\" \/><\/li>\n            <li style='display: none;' aria-roledescription='slide' aria-labelledby='slide-6'><img loading=\"lazy\" decoding=\"async\" src=\"https:\/\/www.otrubapartner.cz\/wp-content\/uploads\/2017\/04\/07092009098.jpg\" height=\"600\" width=\"1000\" alt=\"\" class=\"slider-385 slide-392 msDefaultImage\" \/><div class=\"caption-wrap\"><div class=\"caption\">\u0160kol\u00edc\u00ed st\u0159edisko Zem\u011bd\u011blsk\u00e9 vodohospod\u00e1\u0159sk\u00e9 spr\u00e1vy, Kvilda<\/div><\/div><\/li>\n            <li style='display: none;' aria-roledescription='slide' aria-labelledby='slide-7'><img loading=\"lazy\" decoding=\"async\" src=\"https:\/\/www.otrubapartner.cz\/wp-content\/uploads\/2017\/04\/Aurora2.jpg\" height=\"600\" width=\"1000\" alt=\"\" class=\"slider-385 slide-393 msDefaultImage\" \/><div class=\"caption-wrap\"><div class=\"caption\">Rekonstrukce L\u00e1zn\u00ed Aurora, T\u0159ebo\u0148<\/div><\/div><\/li>\n            <li style='display: none;' aria-roledescription='slide' aria-labelledby='slide-8'><img loading=\"lazy\" decoding=\"async\" src=\"https:\/\/www.otrubapartner.cz\/wp-content\/uploads\/2017\/04\/Aurora3.jpg\" height=\"600\" width=\"1000\" alt=\"\" class=\"slider-385 slide-394 msDefaultImage\" \/><div class=\"caption-wrap\"><div class=\"caption\">Rekonstrukce L\u00e1zn\u00ed Aurora, T\u0159ebo\u0148<\/div><\/div><\/li>\n            <li style='display: none;' aria-roledescription='slide' aria-labelledby='slide-9'><img loading=\"lazy\" decoding=\"async\" src=\"https:\/\/www.otrubapartner.cz\/wp-content\/uploads\/2017\/04\/BDNova.jpg\" height=\"600\" width=\"1000\" alt=\"\" class=\"slider-385 slide-395 msDefaultImage\" \/><div class=\"caption-wrap\"><div class=\"caption\">Bytov\u00fd d\u016fm Nov\u00e1, \u010cesk\u00e9 Bud\u011bjovice<\/div><\/div><\/li>\n            <li style='display: none;' aria-roledescription='slide' aria-labelledby='slide-10'><img loading=\"lazy\" decoding=\"async\" src=\"https:\/\/www.otrubapartner.cz\/wp-content\/uploads\/2017\/04\/CEVAK1.jpg\" height=\"600\" width=\"1000\" alt=\"\" class=\"slider-385 slide-396 msDefaultImage\" \/><div class=\"caption-wrap\"><div class=\"caption\">\u010cEVAK, \u010cesk\u00e9 Bud\u011bjovice<\/div><\/div><\/li>\n            <li style='display: none;' aria-roledescription='slide' aria-labelledby='slide-11'><img loading=\"lazy\" decoding=\"async\" src=\"https:\/\/www.otrubapartner.cz\/wp-content\/uploads\/2017\/04\/CEVAK2.jpg\" height=\"600\" width=\"1000\" alt=\"\" class=\"slider-385 slide-397 msDefaultImage\" \/><div class=\"caption-wrap\"><div class=\"caption\">\u010cEVAK, \u010cesk\u00e9 Bud\u011bjovice<\/div><\/div><\/li>\n            <li style='display: none;' aria-roledescription='slide' aria-labelledby='slide-12'><img loading=\"lazy\" decoding=\"async\" src=\"https:\/\/www.otrubapartner.cz\/wp-content\/uploads\/2017\/04\/Dolanskych.jpg\" height=\"600\" width=\"1000\" alt=\"\" class=\"slider-385 slide-398 msDefaultImage\" \/><div class=\"caption-wrap\"><div class=\"caption\">Bytov\u00fd d\u016fm a s\u00e1l pro freetime a aerobic, \u010cesk\u00e9 Bud\u011bjovice<\/div><\/div><\/li>\n            <li style='display: none;' aria-roledescription='slide' aria-labelledby='slide-13'><img loading=\"lazy\" decoding=\"async\" src=\"https:\/\/www.otrubapartner.cz\/wp-content\/uploads\/2017\/04\/IMAG0697.jpg\" height=\"600\" width=\"1000\" alt=\"\" class=\"slider-385 slide-399 msDefaultImage\" \/><\/li>\n            <li style='display: none;' aria-roledescription='slide' aria-labelledby='slide-14'><img loading=\"lazy\" decoding=\"async\" src=\"https:\/\/www.otrubapartner.cz\/wp-content\/uploads\/2017\/04\/IMAG3854.jpg\" height=\"600\" width=\"1000\" alt=\"\" class=\"slider-385 slide-400 msDefaultImage\" \/><\/li>\n            <li style='display: none;' aria-roledescription='slide' aria-labelledby='slide-15'><img loading=\"lazy\" decoding=\"async\" src=\"https:\/\/www.otrubapartner.cz\/wp-content\/uploads\/2017\/04\/IMG_0182.jpg\" height=\"600\" width=\"1000\" alt=\"\" class=\"slider-385 slide-401 msDefaultImage\" \/><div class=\"caption-wrap\"><div class=\"caption\">Zateplen\u00ed a renovace panelov\u00e9ho domu v ul. Kubatova, \u010cesk\u00e9 Bud\u011bjovice<\/div><\/div><\/li>\n            <li style='display: none;' aria-roledescription='slide' aria-labelledby='slide-16'><img loading=\"lazy\" decoding=\"async\" src=\"https:\/\/www.otrubapartner.cz\/wp-content\/uploads\/2017\/04\/IMG_0343.jpg\" height=\"600\" width=\"1000\" alt=\"\" class=\"slider-385 slide-402 msDefaultImage\" \/><div class=\"caption-wrap\"><div class=\"caption\">Bytov\u00fd d\u016fm \u201eLIGHTHOUSE\u201c v ul. Riegrova, \u010cesk\u00e9 Bud\u011bjovice<\/div><\/div><\/li>\n            <li style='display: none;' aria-roledescription='slide' aria-labelledby='slide-17'><img loading=\"lazy\" decoding=\"async\" src=\"https:\/\/www.otrubapartner.cz\/wp-content\/uploads\/2017\/04\/IMG_0344.jpg\" height=\"600\" width=\"1000\" alt=\"\" class=\"slider-385 slide-403 msDefaultImage\" \/><div class=\"caption-wrap\"><div class=\"caption\">Bytov\u00fd d\u016fm \u201eLIGHTHOUSE\u201c v ul. Riegrova, \u010cesk\u00e9 Bud\u011bjovice<\/div><\/div><\/li>\n            <li style='display: none;' aria-roledescription='slide' aria-labelledby='slide-18'><img loading=\"lazy\" decoding=\"async\" src=\"https:\/\/www.otrubapartner.cz\/wp-content\/uploads\/2017\/04\/IMG_0411.jpg\" height=\"600\" width=\"1000\" alt=\"\" class=\"slider-385 slide-404 msDefaultImage\" \/><div class=\"caption-wrap\"><div class=\"caption\">Skladovac\u00ed haly Doppler CZ, Trhov\u00e9 Sviny<\/div><\/div><\/li>\n            <li style='display: none;' aria-roledescription='slide' aria-labelledby='slide-19'><img loading=\"lazy\" decoding=\"async\" src=\"https:\/\/www.otrubapartner.cz\/wp-content\/uploads\/2017\/04\/IMG_0413.jpg\" height=\"600\" width=\"1000\" alt=\"\" class=\"slider-385 slide-405 msDefaultImage\" \/><div class=\"caption-wrap\"><div class=\"caption\">Skladovac\u00ed haly Doppler CZ, Trhov\u00e9 Sviny<\/div><\/div><\/li>\n            <li style='display: none;' aria-roledescription='slide' aria-labelledby='slide-20'><img loading=\"lazy\" decoding=\"async\" src=\"https:\/\/www.otrubapartner.cz\/wp-content\/uploads\/2017\/04\/JBendy.jpg\" height=\"600\" width=\"1000\" alt=\"\" class=\"slider-385 slide-406 msDefaultImage\" \/><div class=\"caption-wrap\"><div class=\"caption\">Zateplen\u00ed a stavebn\u00ed \u00fapravy bytov\u00fdch dom\u016f v ul. J. Bendy, \u010cesk\u00e9 Bud\u011bjovice<\/div><\/div><\/li>\n            <li style='display: none;' aria-roledescription='slide' aria-labelledby='slide-21'><img loading=\"lazy\" decoding=\"async\" src=\"https:\/\/www.otrubapartner.cz\/wp-content\/uploads\/2017\/04\/JBendy2.jpg\" height=\"600\" width=\"1000\" alt=\"\" class=\"slider-385 slide-407 msDefaultImage\" \/><div class=\"caption-wrap\"><div class=\"caption\">Zateplen\u00ed a stavebn\u00ed \u00fapravy bytov\u00fdch dom\u016f v ul. J. Bendy, \u010cesk\u00e9 Bud\u011bjovice<\/div><\/div><\/li>\n            <li style='display: none;' aria-roledescription='slide' aria-labelledby='slide-22'><img loading=\"lazy\" decoding=\"async\" src=\"https:\/\/www.otrubapartner.cz\/wp-content\/uploads\/2017\/04\/letadlo.jpg\" height=\"600\" width=\"1000\" alt=\"\" class=\"slider-385 slide-408 msDefaultImage\" \/><\/li>\n            <li style='display: none;' aria-roledescription='slide' aria-labelledby='slide-23'><img loading=\"lazy\" decoding=\"async\" src=\"https:\/\/www.otrubapartner.cz\/wp-content\/uploads\/2017\/04\/OUAdamov1.jpg\" height=\"600\" width=\"1000\" alt=\"\" class=\"slider-385 slide-409 msDefaultImage\" \/><div class=\"caption-wrap\"><div class=\"caption\">Stavebn\u00ed \u00fapravy pro sn\u00ed\u017een\u00ed energetick\u00e9 n\u00e1ro\u010dnosti M\u0160 a O\u00da Adamov<\/div><\/div><\/li>\n            <li style='display: none;' aria-roledescription='slide' aria-labelledby='slide-24'><img loading=\"lazy\" decoding=\"async\" src=\"https:\/\/www.otrubapartner.cz\/wp-content\/uploads\/2017\/04\/OUAdamov2.jpg\" height=\"600\" width=\"1000\" alt=\"\" class=\"slider-385 slide-410 msDefaultImage\" \/><div class=\"caption-wrap\"><div class=\"caption\">Stavebn\u00ed \u00fapravy pro sn\u00ed\u017een\u00ed energetick\u00e9 n\u00e1ro\u010dnosti M\u0160 a O\u00da Adamov<\/div><\/div><\/li>\n            <li style='display: none;' aria-roledescription='slide' aria-labelledby='slide-25'><img loading=\"lazy\" decoding=\"async\" src=\"https:\/\/www.otrubapartner.cz\/wp-content\/uploads\/2017\/04\/P1000752.jpg\" height=\"600\" width=\"1000\" alt=\"\" class=\"slider-385 slide-411 msDefaultImage\" \/><div class=\"caption-wrap\"><div class=\"caption\">\u0158adov\u00e9 atriov\u00e9 rodinn\u00e9 domy, Vr\u00e1to<\/div><\/div><\/li>\n            <li style='display: none;' aria-roledescription='slide' aria-labelledby='slide-26'><img loading=\"lazy\" decoding=\"async\" src=\"https:\/\/www.otrubapartner.cz\/wp-content\/uploads\/2017\/04\/P1010738.jpg\" height=\"600\" width=\"1000\" alt=\"\" class=\"slider-385 slide-412 msDefaultImage\" \/><div class=\"caption-wrap\"><div class=\"caption\">Bytov\u00fd d\u016fm U smute\u010dn\u00ed vrby, Litv\u00ednovice<\/div><\/div><\/li>\n            <li style='display: none;' aria-roledescription='slide' aria-labelledby='slide-27'><img loading=\"lazy\" decoding=\"async\" src=\"https:\/\/www.otrubapartner.cz\/wp-content\/uploads\/2017\/04\/P1050081.jpg\" height=\"600\" width=\"1000\" alt=\"\" class=\"slider-385 slide-413 msDefaultImage\" \/><div class=\"caption-wrap\"><div class=\"caption\">Zateplen\u00ed a renovace panelov\u00e9ho domu v ul. Pr\u016fb\u011b\u017en\u00e1, \u010cesk\u00e9 Bud\u011bjovice<\/div><\/div><\/li>\n            <li style='display: none;' aria-roledescription='slide' aria-labelledby='slide-28'><img loading=\"lazy\" decoding=\"async\" src=\"https:\/\/www.otrubapartner.cz\/wp-content\/uploads\/2017\/04\/P1050092.jpg\" height=\"600\" width=\"1000\" alt=\"\" class=\"slider-385 slide-414 msDefaultImage\" \/><div class=\"caption-wrap\"><div class=\"caption\">Rekonstrukce Zdravotn\u00ed poji\u0161\u0165ovny MV\u010cR, \u010cesk\u00e9 Bud\u011bjovice<\/div><\/div><\/li>\n            <li style='display: none;' aria-roledescription='slide' aria-labelledby='slide-29'><img loading=\"lazy\" decoding=\"async\" src=\"https:\/\/www.otrubapartner.cz\/wp-content\/uploads\/2017\/04\/RDBruha1.jpg\" height=\"600\" width=\"1000\" alt=\"\" class=\"slider-385 slide-415 msDefaultImage\" \/><div class=\"caption-wrap\"><div class=\"caption\">Rodinn\u00fd d\u016fm, Adamov<\/div><\/div><\/li>\n            <li style='display: none;' aria-roledescription='slide' aria-labelledby='slide-30'><img loading=\"lazy\" decoding=\"async\" src=\"https:\/\/www.otrubapartner.cz\/wp-content\/uploads\/2017\/04\/RDBruha2.jpg\" height=\"600\" width=\"1000\" alt=\"\" class=\"slider-385 slide-416 msDefaultImage\" \/><div class=\"caption-wrap\"><div class=\"caption\">Rodinn\u00fd d\u016fm, Adamov<\/div><\/div><\/li>\n            <li style='display: none;' aria-roledescription='slide' aria-labelledby='slide-31'><img loading=\"lazy\" decoding=\"async\" src=\"https:\/\/www.otrubapartner.cz\/wp-content\/uploads\/2017\/04\/RDCeskeVrbne1.jpg\" height=\"600\" width=\"1000\" alt=\"\" class=\"slider-385 slide-417 msDefaultImage\" \/><div class=\"caption-wrap\"><div class=\"caption\">Rodinn\u00fd d\u016fm, \u010cesk\u00e9 Vrbn\u00e9<\/div><\/div><\/li>\n            <li style='display: none;' aria-roledescription='slide' aria-labelledby='slide-32'><img loading=\"lazy\" decoding=\"async\" src=\"https:\/\/www.otrubapartner.cz\/wp-content\/uploads\/2017\/04\/RDCeskeVrbne2.jpg\" height=\"600\" width=\"1000\" alt=\"\" class=\"slider-385 slide-418 msDefaultImage\" \/><div class=\"caption-wrap\"><div class=\"caption\">Rodinn\u00fd d\u016fm, \u010cesk\u00e9 Vrbn\u00e9<\/div><\/div><\/li>\n            <li style='display: none;' aria-roledescription='slide' aria-labelledby='slide-33'><img loading=\"lazy\" decoding=\"async\" src=\"https:\/\/www.otrubapartner.cz\/wp-content\/uploads\/2017\/04\/Slunecna1.jpg\" height=\"600\" width=\"1000\" alt=\"\" class=\"slider-385 slide-419 msDefaultImage\" \/><div class=\"caption-wrap\"><div class=\"caption\">Zateplen\u00ed a renovace bytov\u00e9ho domu ve Slune\u010dn\u00e9 ul., \u010cesk\u00e9 Bud\u011bjovice<\/div><\/div><\/li>\n            <li style='display: none;' aria-roledescription='slide' aria-labelledby='slide-34'><img loading=\"lazy\" decoding=\"async\" src=\"https:\/\/www.otrubapartner.cz\/wp-content\/uploads\/2017\/04\/Stribrna2.jpg\" height=\"600\" width=\"1000\" alt=\"\" class=\"slider-385 slide-420 msDefaultImage\" \/><div class=\"caption-wrap\"><div class=\"caption\">P\u011b\u0161\u00ed z\u00f3na ve St\u0159\u00edbrn\u00e1 ul., Adamov<\/div><\/div><\/li>\n            <li style='display: none;' aria-roledescription='slide' aria-labelledby='slide-35'><img loading=\"lazy\" decoding=\"async\" src=\"https:\/\/www.otrubapartner.cz\/wp-content\/uploads\/2017\/04\/vytah1.jpg\" height=\"600\" width=\"1000\" alt=\"\" class=\"slider-385 slide-421 msDefaultImage\" \/><div class=\"caption-wrap\"><div class=\"caption\">P\u0159\u00edstavba venkovn\u00edho osobn\u00edho v\u00fdtahu, Jiho\u010desk\u00e1 univerzita, \u010cesk\u00e9 Bud\u011bjovice<\/div><\/div><\/li>\n            <li style='display: none;' aria-roledescription='slide' aria-labelledby='slide-36'><img loading=\"lazy\" decoding=\"async\" src=\"https:\/\/www.otrubapartner.cz\/wp-content\/uploads\/2017\/04\/vytah2.jpg\" height=\"600\" width=\"1000\" alt=\"\" class=\"slider-385 slide-422 msDefaultImage\" \/><div class=\"caption-wrap\"><div class=\"caption\">P\u0159\u00edstavba venkovn\u00edho osobn\u00edho v\u00fdtahu, Jiho\u010desk\u00e1 univerzita, \u010cesk\u00e9 Bud\u011bjovice<\/div><\/div><\/li>\n            <li style='display: none;' aria-roledescription='slide' aria-labelledby='slide-37'><img loading=\"lazy\" decoding=\"async\" src=\"https:\/\/www.otrubapartner.cz\/wp-content\/uploads\/2017\/04\/Zimak1.jpg\" height=\"600\" width=\"1000\" alt=\"\" class=\"slider-385 slide-423 msDefaultImage\" \/><div class=\"caption-wrap\"><div class=\"caption\">Hokejov\u00e9 centrum POUZAR, \u010cesk\u00e9 Bud\u011bjovice<\/div><\/div><\/li>\n            <li style='display: none;' aria-roledescription='slide' aria-labelledby='slide-38'><img loading=\"lazy\" decoding=\"async\" src=\"https:\/\/www.otrubapartner.cz\/wp-content\/uploads\/2017\/04\/ZTVHvizdal2.jpg\" height=\"600\" width=\"1000\" alt=\"\" class=\"slider-385 slide-424 msDefaultImage\" \/><div class=\"caption-wrap\"><div class=\"caption\">ZTV Hv\u00edzdal II, \u010cesk\u00e9 Bud\u011bjovice<\/div><\/div><\/li>\n        <\/ul>\n        \n    <\/div>\n<\/div><\/p>\n","protected":false},"excerpt":{"rendered":"","protected":false},"author":1,"featured_media":0,"parent":0,"menu_order":6,"comment_status":"closed","ping_status":"closed","template":"template-full-width.php","meta":{"footnotes":""},"class_list":["post-25","page","type-page","status-publish","hentry"],"_links":{"self":[{"href":"https:\/\/www.otrubapartner.cz\/index.php\/wp-json\/wp\/v2\/pages\/25","targetHints":{"allow":["GET"]}}],"collection":[{"href":"https:\/\/www.otrubapartner.cz\/index.php\/wp-json\/wp\/v2\/pages"}],"about":[{"href":"https:\/\/www.otrubapartner.cz\/index.php\/wp-json\/wp\/v2\/types\/page"}],"author":[{"embeddable":true,"href":"https:\/\/www.otrubapartner.cz\/index.php\/wp-json\/wp\/v2\/users\/1"}],"replies":[{"embeddable":true,"href":"https:\/\/www.otrubapartner.cz\/index.php\/wp-json\/wp\/v2\/comments?post=25"}],"version-history":[{"count":3,"href":"https:\/\/www.otrubapartner.cz\/index.php\/wp-json\/wp\/v2\/pages\/25\/revisions"}],"predecessor-version":[{"id":425,"href":"https:\/\/www.otrubapartner.cz\/index.php\/wp-json\/wp\/v2\/pages\/25\/revisions\/425"}],"wp:attachment":[{"href":"https:\/\/www.otrubapartner.cz\/index.php\/wp-json\/wp\/v2\/media?parent=25"}],"curies":[{"name":"wp","href":"https:\/\/api.w.org\/{rel}","templated":true}]}}