{"id":21,"date":"2016-12-28T00:13:07","date_gmt":"2016-12-27T23:13:07","guid":{"rendered":"http:\/\/www.hejda.eu\/?page_id=21"},"modified":"2017-04-30T11:09:18","modified_gmt":"2017-04-30T10:09:18","slug":"sluzby","status":"publish","type":"page","link":"https:\/\/www.otrubapartner.cz\/index.php\/sluzby\/","title":{"rendered":"Slu\u017eby"},"content":{"rendered":"<table style=\"width: 100%;\">\n<tbody>\n<tr>\n<td width=\"64%\">\n<h3>Poskytovan\u00e9 slu\u017eby<\/h3>\n<h5><strong>In\u017een\u00fdrsk\u00e1 \u010dinnost v investi\u010dn\u00ed v\u00fdstavb\u011b<\/strong><\/h5>\n<p>P\u0159\u00edprava podklad\u016f pro \u017e\u00e1dost o vyd\u00e1n\u00ed stavebn\u00edho povolen\u00ed, ohl\u00e1\u0161en\u00ed stavby nebo rozhodnut\u00ed o um\u00edst\u011bn\u00ed stavby zahrnuj\u00edc\u00ed mimo jin\u00e9 i obstar\u00e1n\u00ed vyj\u00e1d\u0159en\u00ed a stanovisek org\u00e1n\u016f st\u00e1tn\u00ed spr\u00e1vy a spr\u00e1vc\u016f in\u017een\u00fdrsk\u00fdch s\u00edt\u00ed, d\u00e1le zaji\u0161t\u011bn\u00ed doklad\u016f pro kolaudaci stavby a zku\u0161ebn\u00ed provoz atd.<\/p>\n<h5><strong>Organizace v\u00fdb\u011brov\u00fdch \u0159\u00edzen\u00ed<\/strong><\/h5>\n<p>Zahrnuje p\u0159\u00edpravu a organizov\u00e1n\u00ed v\u00fdb\u011brov\u00e9ho \u0159\u00edzen\u00ed na stavebn\u00ed pr\u00e1ce, dod\u00e1vky a slu\u017eby dle z\u00e1kona o ve\u0159ejn\u00fdch zak\u00e1zk\u00e1ch nebo dle individu\u00e1ln\u00edch po\u017eadavk\u016f zadavatele, vyhodnocen\u00ed nab\u00eddek uchaze\u010d\u016f atd.<\/p>\n<h5><strong><span class=\"normal-text\">Technick\u00fd dozor investora v\u010detn\u011b cenov\u00e9 kontroly stavby<\/span><\/strong><\/h5>\n<p><span class=\"normal-text\">Odborn\u00e1 kontrola prov\u00e1d\u011bn\u00fdch prac\u00ed v pr\u016fb\u011bhu v\u00fdstavby, kontrola souladu prov\u00e1d\u011bn\u00ed stavby s projektovou dokumentac\u00ed, kontrola \u010derp\u00e1n\u00ed n\u00e1klad\u016f stavby, ov\u011b\u0159ov\u00e1n\u00ed n\u00e1vrh\u016f zhotovitele stavby na zm\u011bnu cenu d\u00edla atd.<br \/>\n<\/span><\/p>\n<h5><strong>Stavebn\u00ed dozor<\/strong><\/h5>\n<p>Odborn\u00fd dozor nad prov\u00e1d\u011bn\u00edm stavby sv\u00e9pomoc\u00ed dle stavebn\u00edho z\u00e1kona 183\/2006 Sb.<\/p>\n<h5><strong>Koordin\u00e1tor BOZP v p\u0159\u00edprav\u011b i realizaci staveb<\/strong><\/h5>\n<p>Vypracov\u00e1n\u00ed pl\u00e1nu BOZP, odborn\u00e1 kontrola a koordinace pr\u016fb\u011bhu stavebn\u00edch prac\u00ed z hlediska bezpe\u010dnosti a ochrany zdrav\u00ed p\u0159i pr\u00e1ci na staveni\u0161ti.<\/p>\n<h5><strong>Rozpo\u010dty a kalkulace<\/strong><\/h5>\n<p>Odborn\u00e9 propo\u010dty ve f\u00e1zi p\u0159\u00edpravy stavby, polo\u017ekov\u00e9 kontroln\u00ed rozpo\u010dty a v\u00fdkazy v\u00fdm\u011br pro v\u00fdb\u011br zhotovitele stavby atd.<\/p>\n<h5><strong>Projektov\u00e1 \u010dinnost ve v\u00fdstavb\u011b<\/strong><\/h5>\n<p>Zaji\u0161t\u011bn\u00ed projektov\u00e9 dokumentace dle po\u017eadavku investora.<\/p>\n<h5><strong>Pr\u016fkazy energetick\u00e9 n\u00e1ro\u010dnosti budovy<\/strong><\/h5>\n<p>Zaji\u0161t\u011bn\u00ed pr\u016fkazu energetick\u00e9 n\u00e1ro\u010dnosti objektu, energetick\u00e9ho auditu apod.<\/td>\n<td valign=\"top\" width=\"36%\"><div id=\"metaslider-id-32\" style=\"max-width: 400px;\" class=\"ml-slider-3-107-0 metaslider metaslider-responsive metaslider-32 ml-slider ms-right ms-theme-default\" role=\"region\" aria-label=\"Sluzby\" data-height=\"300\" data-width=\"400\">\n    <div id=\"metaslider_container_32\">\n        <ul id='metaslider_32' class='rslides'>\n            <li aria-roledescription='slide' aria-labelledby='slide-0'><img loading=\"lazy\" decoding=\"async\" src=\"https:\/\/www.otrubapartner.cz\/wp-content\/uploads\/2017\/04\/inzenyring_400x300.jpg\" height=\"300\" width=\"400\" alt=\"\" class=\"slider-32 slide-147 msDefaultImage\" \/><div class=\"caption-wrap\"><div class=\"caption\">In\u017een\u00fdrsk\u00e9 \u010dinnosti v investi\u010dn\u00ed v\u00fdstavb\u011b<\/div><\/div><\/li>\n            <li style='display: none;' aria-roledescription='slide' aria-labelledby='slide-1'><img loading=\"lazy\" decoding=\"async\" src=\"https:\/\/www.otrubapartner.cz\/wp-content\/uploads\/2017\/04\/vybrizeni_400x300.jpg\" height=\"300\" width=\"400\" alt=\"\" class=\"slider-32 slide-197 msDefaultImage\" \/><div class=\"caption-wrap\"><div class=\"caption\">Organizace v\u00fdb\u011brov\u00fdch \u0159\u00edzen\u00ed<\/div><\/div><\/li>\n            <li style='display: none;' aria-roledescription='slide' aria-labelledby='slide-2'><img loading=\"lazy\" decoding=\"async\" src=\"https:\/\/www.otrubapartner.cz\/wp-content\/uploads\/2017\/04\/techdozor_400x300.jpg\" height=\"300\" width=\"400\" alt=\"\" class=\"slider-32 slide-162 msDefaultImage\" \/><div class=\"caption-wrap\"><div class=\"caption\">Technick\u00fd dozor investora<\/div><\/div><\/li>\n            <li style='display: none;' aria-roledescription='slide' aria-labelledby='slide-3'><img loading=\"lazy\" decoding=\"async\" src=\"https:\/\/www.otrubapartner.cz\/wp-content\/uploads\/2017\/04\/bozp_400x300.jpg\" height=\"300\" width=\"400\" alt=\"\" class=\"slider-32 slide-149 msDefaultImage\" \/><div class=\"caption-wrap\"><div class=\"caption\">Koordin\u00e1tor BOZP<\/div><\/div><\/li>\n            <li style='display: none;' aria-roledescription='slide' aria-labelledby='slide-4'><img loading=\"lazy\" decoding=\"async\" src=\"https:\/\/www.otrubapartner.cz\/wp-content\/uploads\/2017\/04\/stavdozor_400x300.jpg\" height=\"300\" width=\"400\" alt=\"\" class=\"slider-32 slide-196 msDefaultImage\" \/><div class=\"caption-wrap\"><div class=\"caption\">Stavebn\u00ed dozor<\/div><\/div><\/li>\n            <li style='display: none;' aria-roledescription='slide' aria-labelledby='slide-5'><img loading=\"lazy\" decoding=\"async\" src=\"https:\/\/www.otrubapartner.cz\/wp-content\/uploads\/2017\/04\/rozpocty_400x300.jpg\" height=\"300\" width=\"400\" alt=\"\" class=\"slider-32 slide-150 msDefaultImage\" \/><div class=\"caption-wrap\"><div class=\"caption\">Rozpo\u010dty a kalkulace<\/div><\/div><\/li>\n            <li style='display: none;' aria-roledescription='slide' aria-labelledby='slide-6'><img loading=\"lazy\" decoding=\"async\" src=\"https:\/\/www.otrubapartner.cz\/wp-content\/uploads\/2017\/04\/projekty_400x300.jpg\" height=\"300\" width=\"400\" alt=\"\" class=\"slider-32 slide-151 msDefaultImage\" \/><div class=\"caption-wrap\"><div class=\"caption\">Projektov\u00e1 \u010dinnost ve v\u00fdstavb\u011b<\/div><\/div><\/li>\n            <li style='display: none;' aria-roledescription='slide' aria-labelledby='slide-7'><img loading=\"lazy\" decoding=\"async\" src=\"https:\/\/www.otrubapartner.cz\/wp-content\/uploads\/2017\/04\/eco_400x300.jpg\" height=\"300\" width=\"400\" alt=\"\" class=\"slider-32 slide-158 msDefaultImage\" \/><div class=\"caption-wrap\"><div class=\"caption\">Pr\u016fkazy energetick\u00e9 n\u00e1ro\u010dnosti budov<\/div><\/div><\/li>\n        <\/ul>\n        \n    <\/div>\n<\/div><\/td>\n<\/tr>\n<\/tbody>\n<\/table>\n","protected":false},"excerpt":{"rendered":"<p>Poskytovan\u00e9 slu\u017eby In\u017een\u00fdrsk\u00e1 \u010dinnost v investi\u010dn\u00ed v\u00fdstavb\u011b P\u0159\u00edprava podklad\u016f pro \u017e\u00e1dost o vyd\u00e1n\u00ed stavebn\u00edho povolen\u00ed, ohl\u00e1\u0161en\u00ed stavby nebo rozhodnut\u00ed o um\u00edst\u011bn\u00ed stavby zahrnuj\u00edc\u00ed mimo jin\u00e9 i obstar\u00e1n\u00ed vyj\u00e1d\u0159en\u00ed a stanovisek org\u00e1n\u016f st\u00e1tn\u00ed spr\u00e1vy a spr\u00e1vc\u016f in\u017een\u00fdrsk\u00fdch s\u00edt\u00ed, d\u00e1le zaji\u0161t\u011bn\u00ed doklad\u016f pro kolaudaci stavby a zku\u0161ebn\u00ed provoz atd. Organizace v\u00fdb\u011brov\u00fdch \u0159\u00edzen\u00ed Zahrnuje p\u0159\u00edpravu a organizov\u00e1n\u00ed v\u00fdb\u011brov\u00e9ho [&hellip;]<\/p>\n","protected":false},"author":1,"featured_media":0,"parent":0,"menu_order":1,"comment_status":"closed","ping_status":"closed","template":"template-full-width.php","meta":{"footnotes":""},"class_list":["post-21","page","type-page","status-publish","hentry"],"_links":{"self":[{"href":"https:\/\/www.otrubapartner.cz\/index.php\/wp-json\/wp\/v2\/pages\/21","targetHints":{"allow":["GET"]}}],"collection":[{"href":"https:\/\/www.otrubapartner.cz\/index.php\/wp-json\/wp\/v2\/pages"}],"about":[{"href":"https:\/\/www.otrubapartner.cz\/index.php\/wp-json\/wp\/v2\/types\/page"}],"author":[{"embeddable":true,"href":"https:\/\/www.otrubapartner.cz\/index.php\/wp-json\/wp\/v2\/users\/1"}],"replies":[{"embeddable":true,"href":"https:\/\/www.otrubapartner.cz\/index.php\/wp-json\/wp\/v2\/comments?post=21"}],"version-history":[{"count":23,"href":"https:\/\/www.otrubapartner.cz\/index.php\/wp-json\/wp\/v2\/pages\/21\/revisions"}],"predecessor-version":[{"id":210,"href":"https:\/\/www.otrubapartner.cz\/index.php\/wp-json\/wp\/v2\/pages\/21\/revisions\/210"}],"wp:attachment":[{"href":"https:\/\/www.otrubapartner.cz\/index.php\/wp-json\/wp\/v2\/media?parent=21"}],"curies":[{"name":"wp","href":"https:\/\/api.w.org\/{rel}","templated":true}]}}