{"id":19,"date":"2016-12-28T00:12:46","date_gmt":"2016-12-27T23:12:46","guid":{"rendered":"http:\/\/www.hejda.eu\/?page_id=19"},"modified":"2017-04-29T20:55:24","modified_gmt":"2017-04-29T19:55:24","slug":"o-nas","status":"publish","type":"page","link":"https:\/\/www.otrubapartner.cz\/","title":{"rendered":"O n\u00e1s"},"content":{"rendered":"<p><span class=\"normal-text\">Firma byla zalo\u017eena za\u010d\u00e1tkem roku 2008 jako p\u0159irozen\u00fd n\u00e1stupce Stavebn\u00ed kancel\u00e1\u0159e Otruba &amp; Zavadil, kter\u00e1 pracovala jako sdru\u017een\u00ed fyzick\u00fdch osob.\u00a0Zakladatel spole\u010dnosti samostatn\u011b podnik\u00e1\u00a0v investi\u010dn\u00ed v\u00fdstavb\u011b od roku 1992. \u00a0\u00a0\u00a0\u00a0<\/span><\/p>\n<p><span class=\"normal-text\">Firma je aktivn\u00edm \u010dlenem\u00a0Hospod\u0159sk\u00e9 komory \u010cR, pracovn\u00edc\u00ed firmy jsou autorizovan\u00e9 osoby p\u0159i \u010cesk\u00e9 komo\u0159e autorizovan\u00fdch in\u017een\u00fdr\u016f a technik\u016f ve v\u00fdstavb\u011b.<\/span><\/p>\n<p><strong>Poskytovan\u00e9 slu\u017eby:<\/strong><\/p>\n<ul>\n<li>in\u017een\u00fdrsk\u00e1 \u010dinnost v investi\u010dn\u00ed v\u00fdstavb\u011b<\/li>\n<li>organizace v\u00fdb\u011brov\u00fdch \u0159\u00edzen\u00ed<\/li>\n<li>technick\u00fd dozor investora v\u010detn\u011b cenov\u00e9 kontroly stavby<\/li>\n<li>stavebn\u00ed dozor<\/li>\n<li>koordin\u00e1tor BOZP<\/li>\n<li>rozpo\u010dty a kalkulace<\/li>\n<li>projektov\u00e1 \u010dinnost ve v\u00fdstavb\u011b<\/li>\n<li>pr\u016fkazy energetick\u00e9 n\u00e1ro\u010dnosti budovy<\/li>\n<\/ul>\n","protected":false},"excerpt":{"rendered":"<p>Firma byla zalo\u017eena za\u010d\u00e1tkem roku 2008 jako p\u0159irozen\u00fd n\u00e1stupce Stavebn\u00ed kancel\u00e1\u0159e Otruba &amp; Zavadil, kter\u00e1 pracovala jako sdru\u017een\u00ed fyzick\u00fdch osob.\u00a0Zakladatel spole\u010dnosti samostatn\u011b podnik\u00e1\u00a0v investi\u010dn\u00ed v\u00fdstavb\u011b od roku 1992. \u00a0\u00a0\u00a0\u00a0 Firma je aktivn\u00edm \u010dlenem\u00a0Hospod\u0159sk\u00e9 komory \u010cR, pracovn\u00edc\u00ed firmy jsou autorizovan\u00e9 osoby p\u0159i \u010cesk\u00e9 komo\u0159e autorizovan\u00fdch in\u017een\u00fdr\u016f a technik\u016f ve v\u00fdstavb\u011b. Poskytovan\u00e9 slu\u017eby: in\u017een\u00fdrsk\u00e1 \u010dinnost v investi\u010dn\u00ed [&hellip;]<\/p>\n","protected":false},"author":1,"featured_media":0,"parent":0,"menu_order":0,"comment_status":"closed","ping_status":"closed","template":"template-full-width.php","meta":{"footnotes":""},"class_list":["post-19","page","type-page","status-publish","hentry"],"_links":{"self":[{"href":"https:\/\/www.otrubapartner.cz\/index.php\/wp-json\/wp\/v2\/pages\/19","targetHints":{"allow":["GET"]}}],"collection":[{"href":"https:\/\/www.otrubapartner.cz\/index.php\/wp-json\/wp\/v2\/pages"}],"about":[{"href":"https:\/\/www.otrubapartner.cz\/index.php\/wp-json\/wp\/v2\/types\/page"}],"author":[{"embeddable":true,"href":"https:\/\/www.otrubapartner.cz\/index.php\/wp-json\/wp\/v2\/users\/1"}],"replies":[{"embeddable":true,"href":"https:\/\/www.otrubapartner.cz\/index.php\/wp-json\/wp\/v2\/comments?post=19"}],"version-history":[{"count":10,"href":"https:\/\/www.otrubapartner.cz\/index.php\/wp-json\/wp\/v2\/pages\/19\/revisions"}],"predecessor-version":[{"id":165,"href":"https:\/\/www.otrubapartner.cz\/index.php\/wp-json\/wp\/v2\/pages\/19\/revisions\/165"}],"wp:attachment":[{"href":"https:\/\/www.otrubapartner.cz\/index.php\/wp-json\/wp\/v2\/media?parent=19"}],"curies":[{"name":"wp","href":"https:\/\/api.w.org\/{rel}","templated":true}]}}